{"id":4143,"date":"2019-04-23T09:29:59","date_gmt":"2019-04-23T09:29:59","guid":{"rendered":"http:\/\/www.pararok.si\/?post_type=product&#038;p=4143"},"modified":"2025-07-20T22:01:35","modified_gmt":"2025-07-20T20:01:35","slug":"leseni-uhani-pol-krog","status":"publish","type":"product","link":"https:\/\/www.pararok.si\/en\/trgovina\/leseni-uhani-pol-krog\/","title":{"rendered":"Leseni uhani POL KROG"},"content":{"rendered":"<h5>Leseni geometrijski uhani v obliki \u017eivahnih pobarvanih pol krogov.<\/h5>\n<p><strong>DIMENZIJE MAJHNIH UHANOV<\/strong><br \/>\nDol\u017eina: 8mm<br \/>\nVi\u0161ina: 8 mm<br \/>\n\u0160irina: 2 mm<\/p>\n<p><strong>DIMENZIJE VELIKIH UHANOV<\/strong><br \/>\nDol\u017eina: 10 mm<br \/>\nVi\u0161ina: 10 mm<br \/>\n\u0160irina: 2 mm<\/p>\n<p>Uhani so narejeni iz lepljenega slovenskega furnirja. Izrezani so s pomo\u010djo laserja, nato pa ro\u010dno zbru\u0161eni in pobarvani z akrilnimi barvami.<\/p>\n<p><strong>OSNOVE<\/strong><br \/>\n<strong>Klasi\u010dne osnove<\/strong>\u00a0so izdelane iz hipoalergenega medicinskega jekla.<br \/>\n<strong>Osnove za pripet<\/strong>, za tiste, ki nimajo luknjic v u\u0161esih so narejene iz trdne vzdr\u017eljive plastike, z jeklenim del\u010dkom, na katerega je prilepljen uhan\u010dek.<br \/>\n<strong>Zapen\u010dki<\/strong> so izdelani iz trdnega silikona.<\/p>\n<p>Uhani pridejo na klasi\u010dnih osnovah, \u010de pa \u017eelite uhane z osnovami za pripet, to zapi\u0161ite pod opombe pri zaklju\u010dku naro\u010dila v blagajni.<\/p>\n<p><strong>NEGA<\/strong><br \/>\nUhani\u00a0so temeljito za\u0161\u010diteni z nekaj plastmi laka, s \u010demer se ohrani trdnost in lepota lesa in jih zaradi tega lahko nosite v vseh vremenskih razmerah. Kljub za\u0161\u010diti pa leseni uhani niso vodoodporni in jih ni priporo\u010dljivi namakati v vodi, zato jih snemite pred tu\u0161iranjem ali kopanjem.<\/p>\n<p><strong>OPOMBA<\/strong><br \/>\nLes je naraven material in lahko malenkost odstopa v barvi, strukturi in vlaknih. Uhani so ro\u010dno pobarvani in lahko odstopajo od tistih na sliki, ampak zagotavljamo vam, da bodo zelo podobni tem, ki jih vidite na sliki.<\/p>\n","protected":false},"excerpt":{"rendered":"<p>Elegantni\u00a0geometrijski\u00a0uhan\u010dki za vse prilo\u017enosti.<\/p>\n","protected":false},"featured_media":4148,"comment_status":"open","ping_status":"closed","template":"","meta":[],"product_brand":[],"product_cat":[75,74],"product_tag":[77,156,76],"class_list":{"0":"post-4143","1":"product","2":"type-product","3":"status-publish","4":"has-post-thumbnail","6":"product_cat-lesen-nakit","7":"product_cat-leseni-uhani","8":"product_tag-geometrija","9":"product_tag-krog","10":"product_tag-uhani","12":"first","13":"instock","14":"purchasable","15":"product-type-variable"},"_links":{"self":[{"href":"https:\/\/www.pararok.si\/en\/wp-json\/wp\/v2\/product\/4143","targetHints":{"allow":["GET"]}}],"collection":[{"href":"https:\/\/www.pararok.si\/en\/wp-json\/wp\/v2\/product"}],"about":[{"href":"https:\/\/www.pararok.si\/en\/wp-json\/wp\/v2\/types\/product"}],"replies":[{"embeddable":true,"href":"https:\/\/www.pararok.si\/en\/wp-json\/wp\/v2\/comments?post=4143"}],"wp:featuredmedia":[{"embeddable":true,"href":"https:\/\/www.pararok.si\/en\/wp-json\/wp\/v2\/media\/4148"}],"wp:attachment":[{"href":"https:\/\/www.pararok.si\/en\/wp-json\/wp\/v2\/media?parent=4143"}],"wp:term":[{"taxonomy":"product_brand","embeddable":true,"href":"https:\/\/www.pararok.si\/en\/wp-json\/wp\/v2\/product_brand?post=4143"},{"taxonomy":"product_cat","embeddable":true,"href":"https:\/\/www.pararok.si\/en\/wp-json\/wp\/v2\/product_cat?post=4143"},{"taxonomy":"product_tag","embeddable":true,"href":"https:\/\/www.pararok.si\/en\/wp-json\/wp\/v2\/product_tag?post=4143"}],"curies":[{"name":"wp","href":"https:\/\/api.w.org\/{rel}","templated":true}]}}