{"id":4024,"date":"2019-04-13T14:33:04","date_gmt":"2019-04-13T14:33:04","guid":{"rendered":"http:\/\/www.pararok.si\/?post_type=product&#038;p=4024"},"modified":"2025-07-21T21:55:49","modified_gmt":"2025-07-21T19:55:49","slug":"lesena-ogrlica-geo-zahod","status":"publish","type":"product","link":"https:\/\/www.pararok.si\/en\/trgovina\/lesena-ogrlica-geo-zahod\/","title":{"rendered":"Lesena ogrlica GEO  ZAHOD"},"content":{"rendered":"<div style=\"direction: ltr; border-width: 100%;\">\n<div style=\"direction: ltr; margin-top: 0in; margin-left: 0in; width: 6.0993in;\">\n<div style=\"direction: ltr; margin-top: 0in; margin-left: 0in; width: 6.0993in;\">\n<p>Lesena ogrlica v abstraktni obliki.<\/p>\n<p><span style=\"font-weight: bold;\">VELIKOST OGRLICE<\/span><br \/>\nDol\u017eina: 10,5 cm<br \/>\nVi\u0161ina: 5,5 cm<br \/>\nDebelina: 0,5 cm<\/p>\n<p style=\"margin-top: 0pt; margin-bottom: 7pt; font-family: Poppins; font-size: 11.25pt; color: #0f0f0f;\"><span style=\"color: #000000;\"><strong>Ketnica<\/strong> je nastavljiva po dol\u017eini, lah<\/span>ko jo nosite na 60, 50 ali 40 cm in s tem dol\u017eino prilagodite va\u0161im obla\u010dilom. Ketnica ne vsebuje niklja in je primerna tudi za alergike.<\/p>\n<p style=\"margin-top: 0pt; margin-bottom: 7pt; font-family: Poppins; font-size: 11.25pt; color: #0f0f0f;\"><span style=\"font-weight: bold;\">NEGA<\/span><\/p>\n<p style=\"margin-top: 0pt; margin-bottom: 7pt; font-family: Poppins; font-size: 11.25pt; color: #0f0f0f;\">Ogrlice so temeljito za\u0161\u010ditene z nekaj plastmi laka, s \u010demer se ohrani trdnost in lepota lesa in jih zaradi tega lahko nosite v vseh vremenskih razmerah. Kljub za\u0161\u010diti pa veri\u017eice niso vodoodpore in jih ni priporo\u010dljivi namakati v vodi. Nekateri parfumi lahko po\u0161kodujejo za\u0161\u010dito lesa, zato ne \u0161pricajte parfuma preko ogrlice.<\/p>\n<p style=\"margin-top: 0pt; margin-bottom: 7pt; font-family: Poppins; font-size: 11.25pt; color: #0f0f0f;\"><span style=\"font-weight: bold;\">OPOMBA<\/span><\/p>\n<p style=\"margin-top: 0pt; margin-bottom: 7pt; font-family: Poppins; font-size: 11.25pt; color: #0f0f0f;\">Les je naraven material in lahko malenkost odstopa v barvi, strukturi in vlaknih. Ogrlica je narejena iz lepljenega lasa, kar ji zagotavlja trdnost in vzdr\u017eljivost.<\/p>\n<\/div>\n<\/div>\n<\/div>\n","protected":false},"excerpt":{"rendered":"<p>Lesena geometrijska veri\u017eica.<\/p>\n","protected":false},"featured_media":4113,"comment_status":"open","ping_status":"closed","template":"","meta":[],"product_brand":[],"product_cat":[75,86],"product_tag":[177,176],"class_list":{"0":"post-4024","1":"product","2":"type-product","3":"status-publish","4":"has-post-thumbnail","6":"product_cat-lesen-nakit","7":"product_cat-lesene-verizice","8":"product_tag-geo","9":"product_tag-ogrlica","11":"first","12":"onbackorder","13":"purchasable","14":"product-type-simple"},"_links":{"self":[{"href":"https:\/\/www.pararok.si\/en\/wp-json\/wp\/v2\/product\/4024","targetHints":{"allow":["GET"]}}],"collection":[{"href":"https:\/\/www.pararok.si\/en\/wp-json\/wp\/v2\/product"}],"about":[{"href":"https:\/\/www.pararok.si\/en\/wp-json\/wp\/v2\/types\/product"}],"replies":[{"embeddable":true,"href":"https:\/\/www.pararok.si\/en\/wp-json\/wp\/v2\/comments?post=4024"}],"wp:featuredmedia":[{"embeddable":true,"href":"https:\/\/www.pararok.si\/en\/wp-json\/wp\/v2\/media\/4113"}],"wp:attachment":[{"href":"https:\/\/www.pararok.si\/en\/wp-json\/wp\/v2\/media?parent=4024"}],"wp:term":[{"taxonomy":"product_brand","embeddable":true,"href":"https:\/\/www.pararok.si\/en\/wp-json\/wp\/v2\/product_brand?post=4024"},{"taxonomy":"product_cat","embeddable":true,"href":"https:\/\/www.pararok.si\/en\/wp-json\/wp\/v2\/product_cat?post=4024"},{"taxonomy":"product_tag","embeddable":true,"href":"https:\/\/www.pararok.si\/en\/wp-json\/wp\/v2\/product_tag?post=4024"}],"curies":[{"name":"wp","href":"https:\/\/api.w.org\/{rel}","templated":true}]}}