{"id":3762,"date":"2019-04-08T11:40:18","date_gmt":"2019-04-08T11:40:18","guid":{"rendered":"http:\/\/www.pararok.si\/?post_type=product&#038;p=3762"},"modified":"2025-07-21T20:54:49","modified_gmt":"2025-07-21T18:54:49","slug":"lesena-broska-muca","status":"publish","type":"product","link":"https:\/\/www.pararok.si\/en\/trgovina\/lesena-broska-muca\/","title":{"rendered":"Lesena bro\u0161ka MUCA"},"content":{"rendered":"<p><strong><b>Lesena bro\u0161ka v obliki muce.<\/b><\/strong><\/p>\n<p><strong>DIMENZIJA:<\/strong><br \/>\nDol\u017eina: 30 mm<br \/>\nVi\u0161ina: 25 mm<br \/>\n\u0160irina: 4\u00a0mm.<\/p>\n<p>Bro\u0161ka je velikokrat nerazumljen modni dodatek, ki ponuja veliko mo\u017enih na\u010dinov no\u0161nje in popestri vsako obla\u010dilo.<\/p>\n<p>Bro\u0161ke so narejene iz lepljenega slovenskega bukovega furnirja. Izrezane so s pomo\u010djo laserja, nato pa skrbno ro\u010dno zbru\u0161ene in pobarvane z akrilnimi barvami.<\/p>\n<p><strong><b>OSNOVE<\/b><\/strong><strong><b>\u00a0<\/b><\/strong>bro\u0161k so narejene iz nerjave\u010dega jekla.<strong><b>\u00a0<\/b><\/strong><\/p>\n<p><strong><b>NEGA<\/b><\/strong><br \/>\nBro\u0161ke so temeljito za\u0161\u010ditene z nekaj plastmi laka, s \u010demer se ohrani trdnost in lepota lesa in jih zaradi tega lahko nosite v vseh vremenskih razmerah. Kljub za\u0161\u010diti pa bro\u0161ke niso vodoodpore in jih ni priporo\u010dljivi namakati v vodi.<\/p>\n<p><strong><b>OPOMBA<\/b><\/strong><br \/>\nLes je naraven material in lahko malenkost odstopa v barvi, strukturi in vlaknih. Vsaka bro\u0161ka je ro\u010dno pobarvana\u00a0in lahko odstopa\u00a0od tiste\u00a0na sliki, ampak zagotavljamo vam, da bo zelo podobni tej, ki jo\u00a0vidite na sliki.<\/p>\n","protected":false},"excerpt":{"rendered":"<p>Lesena bro\u0161ka v obliki muce.<\/p>\n<p>Muca \u010cupidupi je malo posebna muca. Dopoldneve pre\u017eivi tako, da sedi in drema pred krtovo luknjo in \u010daka, da krt pride ven. Krt nikoli ne pride. Najraj\u0161i drema na son\u010dku in \u010daka na ve\u010der, ko lahko resni\u010dno trdno zaspi. Ima zelo nabru\u0161ene kremplje in ni se ji dobro zameriti, saj \u010cupidupi nikoli ne pozabi zamere.<\/p>\n","protected":false},"featured_media":3923,"comment_status":"open","ping_status":"closed","template":"","meta":[],"product_brand":[],"product_cat":[75,85],"product_tag":[89,172],"class_list":{"0":"post-3762","1":"product","2":"type-product","3":"status-publish","4":"has-post-thumbnail","6":"product_cat-lesen-nakit","7":"product_cat-lesene-broske","8":"product_tag-broska","9":"product_tag-muca","11":"first","12":"instock","13":"purchasable","14":"product-type-variable"},"_links":{"self":[{"href":"https:\/\/www.pararok.si\/en\/wp-json\/wp\/v2\/product\/3762","targetHints":{"allow":["GET"]}}],"collection":[{"href":"https:\/\/www.pararok.si\/en\/wp-json\/wp\/v2\/product"}],"about":[{"href":"https:\/\/www.pararok.si\/en\/wp-json\/wp\/v2\/types\/product"}],"replies":[{"embeddable":true,"href":"https:\/\/www.pararok.si\/en\/wp-json\/wp\/v2\/comments?post=3762"}],"wp:featuredmedia":[{"embeddable":true,"href":"https:\/\/www.pararok.si\/en\/wp-json\/wp\/v2\/media\/3923"}],"wp:attachment":[{"href":"https:\/\/www.pararok.si\/en\/wp-json\/wp\/v2\/media?parent=3762"}],"wp:term":[{"taxonomy":"product_brand","embeddable":true,"href":"https:\/\/www.pararok.si\/en\/wp-json\/wp\/v2\/product_brand?post=3762"},{"taxonomy":"product_cat","embeddable":true,"href":"https:\/\/www.pararok.si\/en\/wp-json\/wp\/v2\/product_cat?post=3762"},{"taxonomy":"product_tag","embeddable":true,"href":"https:\/\/www.pararok.si\/en\/wp-json\/wp\/v2\/product_tag?post=3762"}],"curies":[{"name":"wp","href":"https:\/\/api.w.org\/{rel}","templated":true}]}}