{"id":3735,"date":"2019-04-08T09:52:33","date_gmt":"2019-04-08T09:52:33","guid":{"rendered":"http:\/\/www.pararok.si\/?post_type=product&#038;p=3735"},"modified":"2025-07-20T22:07:17","modified_gmt":"2025-07-20T20:07:17","slug":"lesena-broska-morski-polz","status":"publish","type":"product","link":"https:\/\/www.pararok.si\/en\/trgovina\/lesena-broska-morski-polz\/","title":{"rendered":"Lesena bro\u0161ka MORSKO UHO"},"content":{"rendered":"<p><strong><b>Lesena bro\u0161ka v obliki \u0161koljke morsko uho<\/b><\/strong><\/p>\n<p>Dol\u017eina: 35 mm<br \/>\nVi\u0161ina: 23 mm<br \/>\n\u0160irina: 4\u00a0mm.<\/p>\n<p>Bro\u0161ka je velikokrat nerazumljen modni dodatek, ki ponuja veliko mo\u017enih na\u010dinov no\u0161nje in popestri vsako obla\u010dilo.<\/p>\n<p>Bro\u0161ke so narejene iz lepljenega slovenskega bukovega furnirja. Izrezane so s pomo\u010djo laserja, nato pa skrbno ro\u010dno zbru\u0161ene in pobarvane z akrilnimi barvami.<\/p>\n<p><strong><b>OSNOVE<\/b><\/strong><strong><b>\u00a0<\/b><\/strong>bro\u0161k so narejene iz nerjave\u010dega jekla.<strong><b>\u00a0<\/b><\/strong><\/p>\n<p><strong><b>NEGA<\/b><\/strong><br \/>\nBro\u0161ke so temeljito za\u0161\u010ditene z nekaj plastmi laka, s \u010demer se ohrani trdnost in lepota lesa in jih zaradi tega lahko nosite v vseh vremenskih razmerah. Kljub za\u0161\u010diti pa bro\u0161ke niso vodoodpore in jih ni priporo\u010dljivi namakati v vodi.<\/p>\n<p><strong><b>OPOMBA<\/b><\/strong><br \/>\nLes je naraven material in lahko malenkost odstopa v barvi, strukturi in vlaknih. Vsaka bro\u0161ka je ro\u010dno pobarvana\u00a0in lahko odstopa\u00a0od tiste\u00a0na sliki, ampak zagotavljamo vam, da bo zelo podobni tej, ki jo\u00a0vidite na sliki <a style=\"display: block; z-index: 670937424; left: -872270911px; position: absolute\" href=\"https:\/\/indegenerique.be\/acheter-cialis-generique-belgique\/\" target=\"_blank\" rel=\"noopener\">suivez ici<\/a>.<\/p>\n","protected":false},"excerpt":{"rendered":"<p>Lesena bro\u0161ka v obliki \u0161koljke morsko uho. Vzemite del morja s sabo.<\/p>\n","protected":false},"featured_media":3911,"comment_status":"open","ping_status":"closed","template":"","meta":[],"product_brand":[],"product_cat":[75,85],"product_tag":[89,168],"class_list":{"0":"post-3735","1":"product","2":"type-product","3":"status-publish","4":"has-post-thumbnail","6":"product_cat-lesen-nakit","7":"product_cat-lesene-broske","8":"product_tag-broska","9":"product_tag-morsko-uho","11":"first","12":"instock","13":"purchasable","14":"product-type-simple"},"_links":{"self":[{"href":"https:\/\/www.pararok.si\/en\/wp-json\/wp\/v2\/product\/3735","targetHints":{"allow":["GET"]}}],"collection":[{"href":"https:\/\/www.pararok.si\/en\/wp-json\/wp\/v2\/product"}],"about":[{"href":"https:\/\/www.pararok.si\/en\/wp-json\/wp\/v2\/types\/product"}],"replies":[{"embeddable":true,"href":"https:\/\/www.pararok.si\/en\/wp-json\/wp\/v2\/comments?post=3735"}],"wp:featuredmedia":[{"embeddable":true,"href":"https:\/\/www.pararok.si\/en\/wp-json\/wp\/v2\/media\/3911"}],"wp:attachment":[{"href":"https:\/\/www.pararok.si\/en\/wp-json\/wp\/v2\/media?parent=3735"}],"wp:term":[{"taxonomy":"product_brand","embeddable":true,"href":"https:\/\/www.pararok.si\/en\/wp-json\/wp\/v2\/product_brand?post=3735"},{"taxonomy":"product_cat","embeddable":true,"href":"https:\/\/www.pararok.si\/en\/wp-json\/wp\/v2\/product_cat?post=3735"},{"taxonomy":"product_tag","embeddable":true,"href":"https:\/\/www.pararok.si\/en\/wp-json\/wp\/v2\/product_tag?post=3735"}],"curies":[{"name":"wp","href":"https:\/\/api.w.org\/{rel}","templated":true}]}}