{"id":3730,"date":"2019-04-08T10:21:45","date_gmt":"2019-04-08T08:21:45","guid":{"rendered":"http:\/\/www.pararok.si\/?post_type=product&#038;p=3730"},"modified":"2025-07-20T22:07:17","modified_gmt":"2025-07-20T20:07:17","slug":"lesena-broska-sova","status":"publish","type":"product","link":"https:\/\/www.pararok.si\/en\/trgovina\/lesena-broska-sova\/","title":{"rendered":"Lesena bro\u0161ka SOVA"},"content":{"rendered":"<p><strong><b>Lesena bro\u0161ka v obliki spe\u010de sovice.<\/b><\/strong><\/p>\n<p><strong>VELIKOST BRO\u0160KE<\/strong><\/p>\n<p>Dol\u017eina: 24,5 mm<\/p>\n<p>Vi\u0161ina: 30 mm<\/p>\n<p>\u0160irina: 4 mm.<\/p>\n<p>Bro\u0161ka je velikokrat nerazumljen modni dodatek, ki ponuja veliko mo\u017enih na\u010dinov no\u0161nje in popestri vsako obla\u010dilo.<\/p>\n<p>Bro\u0161ke so narejene iz lepljenega slovenskega bukovega furnirja. Izrezane so s pomo\u010djo laserja, nato pa skrbno ro\u010dno zbru\u0161ene in pobarvane z akrilnimi barvami.<\/p>\n<p><strong><b>OSNOVE<\/b><\/strong><strong><b> <\/b><\/strong>bro\u0161k so narejene iz nerjave\u010dega jekla.<strong><b> <\/b><\/strong><\/p>\n<p><strong><b>NEGA<\/b><\/strong><\/p>\n<p>Bro\u0161ke so temeljito za\u0161\u010ditene z nekaj plastmi laka, s \u010demer se ohrani trdnost in lepota lesa in jih zaradi tega lahko nosite v vseh vremenskih razmerah. Kljub za\u0161\u010diti pa bro\u0161ke niso vodoodpore in jih ni priporo\u010dljivi namakati v vodi.<\/p>\n<p><strong><b>OPOMBA<\/b><\/strong><\/p>\n<p>Les je naraven material in lahko malenkost odstopa v barvi, strukturi in vlaknih. Vsaka bro\u0161ka je ro\u010dno pobarvana in lahko odstopa od tiste na sliki, ampak zagotavljamo vam, da bo zelo podobni tej, ki jo vidite na sliki.<\/p>\n","protected":false},"excerpt":{"rendered":"<p>Z bro\u0161ko v obliki sovice boste vedno na teko\u010dem.<\/p>\n<p>Sovica Berta ve vse o vsem. Je leksikon, ki ga lahko nosite s sabo, zna odgovoriti na vsako u\u010deno vpra\u0161anje in z njeno pomo\u010djo bo re\u0161ena vsaka kri\u017eanka. Le zbuditi jo je treba, kar pa zna biti maj\u010dken problem, saj je res prava zaspanka.<\/p>\n","protected":false},"featured_media":3960,"comment_status":"open","ping_status":"closed","template":"","meta":[],"product_brand":[],"product_cat":[75,85],"product_tag":[89,164],"class_list":{"0":"post-3730","1":"product","2":"type-product","3":"status-publish","4":"has-post-thumbnail","6":"product_cat-lesen-nakit","7":"product_cat-lesene-broske","8":"product_tag-broska","9":"product_tag-sova","11":"first","12":"instock","13":"purchasable","14":"product-type-simple"},"_links":{"self":[{"href":"https:\/\/www.pararok.si\/en\/wp-json\/wp\/v2\/product\/3730","targetHints":{"allow":["GET"]}}],"collection":[{"href":"https:\/\/www.pararok.si\/en\/wp-json\/wp\/v2\/product"}],"about":[{"href":"https:\/\/www.pararok.si\/en\/wp-json\/wp\/v2\/types\/product"}],"replies":[{"embeddable":true,"href":"https:\/\/www.pararok.si\/en\/wp-json\/wp\/v2\/comments?post=3730"}],"wp:featuredmedia":[{"embeddable":true,"href":"https:\/\/www.pararok.si\/en\/wp-json\/wp\/v2\/media\/3960"}],"wp:attachment":[{"href":"https:\/\/www.pararok.si\/en\/wp-json\/wp\/v2\/media?parent=3730"}],"wp:term":[{"taxonomy":"product_brand","embeddable":true,"href":"https:\/\/www.pararok.si\/en\/wp-json\/wp\/v2\/product_brand?post=3730"},{"taxonomy":"product_cat","embeddable":true,"href":"https:\/\/www.pararok.si\/en\/wp-json\/wp\/v2\/product_cat?post=3730"},{"taxonomy":"product_tag","embeddable":true,"href":"https:\/\/www.pararok.si\/en\/wp-json\/wp\/v2\/product_tag?post=3730"}],"curies":[{"name":"wp","href":"https:\/\/api.w.org\/{rel}","templated":true}]}}