{"id":3631,"date":"2019-04-03T09:19:55","date_gmt":"2019-04-03T09:19:55","guid":{"rendered":"http:\/\/www.pararok.si\/?post_type=product&#038;p=3631"},"modified":"2025-07-21T21:01:47","modified_gmt":"2025-07-21T19:01:47","slug":"leseni-uhani-mini-geometrijski","status":"publish","type":"product","link":"https:\/\/www.pararok.si\/en\/trgovina\/leseni-uhani-mini-geometrijski\/","title":{"rendered":"Leseni uhani MINI GEOMETRIJSKI"},"content":{"rendered":"<h5><strong>Mini leseni geometrijski uhani v razli\u010dnih barvah in oblikah. <\/strong><\/h5>\n<h5><strong>Uhan\u010dki se prodajajo posami\u010dno, po en kos, zato si za par izberi dva uhan\u010dka.<\/strong><\/h5>\n<p><span style=\"color: #000000;\">DIMENZIJE MAJHNIH KROGCEV:<\/span><br \/>\n<span style=\"color: #000000;\">Dol\u017eina: 3,5 mm<\/span><br \/>\n<span style=\"color: #000000;\">Vi\u0161ina: 3,5 mm<\/span><br \/>\n<span style=\"color: #000000;\">\u0160irina: 2 mm<\/span><\/p>\n<p><span style=\"color: #000000;\">DIMENZIJE TRIKOTNIKOV:<\/span><br \/>\n<span style=\"color: #000000;\">Dol\u017eina: 6 mm<\/span><br \/>\n<span style=\"color: #000000;\">Vi\u0161ina: 6 mm<\/span><br \/>\n<span style=\"color: #000000;\">\u0160irina: 2 mm<\/span><\/p>\n<p><span style=\"color: #000000;\">DIMENZIJE SOLZIC:<\/span><br \/>\n<span style=\"color: #000000;\">Dol\u017eina: 6 mm<\/span><br \/>\n<span style=\"color: #000000;\">Vi\u0161ina: 4 mm<\/span><br \/>\n<span style=\"color: #000000;\">\u0160irina: 2 mm<\/span><\/p>\n<p>Uhani so narejeni iz lepljenega slovenskega furnirja. Izrezani so s pomo\u010djo laserja, nato pa ro\u010dno zbru\u0161eni in pobarvani z akrilnimi barvami.<\/p>\n<p><strong>OSNOVE<\/strong><br \/>\n<strong>Klasi\u010dne osnove<\/strong>\u00a0so izdelane iz hipoalergenega medicinskega jekla.<br \/>\n<strong>Osnove za pripet<\/strong>, za tiste, ki nimajo luknjic v u\u0161esih so narejene iz trdne vzdr\u017eljive plastike, z jeklenim del\u010dkom, na katerega je prilepljen uhan\u010dek.<br \/>\n<strong>Zapen\u010dki<\/strong> so izdelani iz trdnega silikona.<\/p>\n<p>Uhani pridejo na klasi\u010dnih osnovah, \u010de pa \u017eelite uhane z osnovami za pripet, to zapi\u0161ite pod opombe pri zaklju\u010dku naro\u010dila v blagajni.<\/p>\n<p><strong>NEGA<\/strong><br \/>\nUhani\u00a0so temeljito za\u0161\u010diteni z nekaj plastmi laka, s \u010demer se ohrani trdnost in lepota lesa in jih zaradi tega lahko nosite v vseh vremenskih razmerah. Kljub za\u0161\u010diti pa leseni uhani niso vodoodporni in jih ni priporo\u010dljivi namakati v vodi, zato jih snemite pred tu\u0161iranjem ali kopanjem.<\/p>\n<p><strong>OPOMBA<\/strong><br \/>\nLes je naraven material in lahko malenkost odstopa v barvi, strukturi in vlaknih. Uhani so ro\u010dno pobarvani in lahko odstopajo od tistih na sliki, ampak zagotavljamo vam, da bodo zelo podobni tem, ki jih vidite na sliki.<\/p>\n","protected":false},"excerpt":{"rendered":"<p>Mini geometrijski kvadratni uhan\u010dki za kombiniranje. Za vse, imate raje manj\u0161e uhan\u010dke ali ve\u010d luknjic v u\u0161esih. Uhan\u010dke lahko izbira\u0161 posami\u010dno, po en kos in si lahko izbere\u0161 povsem unikatno kombinacijo. \u010ce \u017eeli\u0161 par enakih uhan\u010dkov, kot koli\u010dino izberi 2.<\/p>\n","protected":false},"featured_media":16156,"comment_status":"open","ping_status":"closed","template":"","meta":[],"product_brand":[],"product_cat":[75,74],"product_tag":[119,156,154,157,158,76],"class_list":{"0":"post-3631","1":"product","2":"type-product","3":"status-publish","4":"has-post-thumbnail","6":"product_cat-lesen-nakit","7":"product_cat-leseni-uhani","8":"product_tag-geometrijski","9":"product_tag-krog","10":"product_tag-majhni-uhani","11":"product_tag-solza","12":"product_tag-trikotnik","13":"product_tag-uhani","15":"first","16":"instock","17":"purchasable","18":"product-type-variable"},"_links":{"self":[{"href":"https:\/\/www.pararok.si\/en\/wp-json\/wp\/v2\/product\/3631","targetHints":{"allow":["GET"]}}],"collection":[{"href":"https:\/\/www.pararok.si\/en\/wp-json\/wp\/v2\/product"}],"about":[{"href":"https:\/\/www.pararok.si\/en\/wp-json\/wp\/v2\/types\/product"}],"replies":[{"embeddable":true,"href":"https:\/\/www.pararok.si\/en\/wp-json\/wp\/v2\/comments?post=3631"}],"wp:featuredmedia":[{"embeddable":true,"href":"https:\/\/www.pararok.si\/en\/wp-json\/wp\/v2\/media\/16156"}],"wp:attachment":[{"href":"https:\/\/www.pararok.si\/en\/wp-json\/wp\/v2\/media?parent=3631"}],"wp:term":[{"taxonomy":"product_brand","embeddable":true,"href":"https:\/\/www.pararok.si\/en\/wp-json\/wp\/v2\/product_brand?post=3631"},{"taxonomy":"product_cat","embeddable":true,"href":"https:\/\/www.pararok.si\/en\/wp-json\/wp\/v2\/product_cat?post=3631"},{"taxonomy":"product_tag","embeddable":true,"href":"https:\/\/www.pararok.si\/en\/wp-json\/wp\/v2\/product_tag?post=3631"}],"curies":[{"name":"wp","href":"https:\/\/api.w.org\/{rel}","templated":true}]}}