{"id":3603,"date":"2019-04-02T10:34:40","date_gmt":"2019-04-02T10:34:40","guid":{"rendered":"http:\/\/www.pararok.si\/?post_type=product&#038;p=3603"},"modified":"2025-07-21T21:02:07","modified_gmt":"2025-07-21T19:02:07","slug":"leseni-uhani-majhni-kvadratki","status":"publish","type":"product","link":"https:\/\/www.pararok.si\/en\/trgovina\/leseni-uhani-majhni-kvadratki\/","title":{"rendered":"Leseni uhani MAJHEN KVADRAT"},"content":{"rendered":"<h5><strong>Majhni leseni geometrijski uhani v razli\u010dnih barvah.<\/strong><\/h5>\n<p>DIMENZIJE UHANOV:<br \/>\nDol\u017eina: 5 mm<br \/>\nVi\u0161ina: 5 mm<br \/>\n\u0160irina: 2 mm.<\/p>\n<p>Uhani so narejeni iz lepljenega slovenskega furnirja. Izrezani so s pomo\u010djo laserja, nato pa ro\u010dno zbru\u0161eni in pobarvani z akrilnimi barvami.<\/p>\n<p><strong>OSNOVE<\/strong><br \/>\n<strong>Klasi\u010dne osnove<\/strong>\u00a0so izdelane iz hipoalergenega medicinskega jekla.<br \/>\n<strong>Osnove za pripet<\/strong>, za tiste, ki nimajo luknjic v u\u0161esih so narejene iz trdne vzdr\u017eljive plastike, z jeklenim del\u010dkom, na katerega je prilepljen uhan\u010dek.<br \/>\n<strong>Zapen\u010dki<\/strong> so izdelani iz trdnega silikona.<\/p>\n<p>Uhani pridejo na klasi\u010dnih osnovah, \u010de pa \u017eelite uhane z osnovami za pripet, to zapi\u0161ite pod opombe pri zaklju\u010dku naro\u010dila v blagajni.<\/p>\n<p><strong>NEGA<\/strong><br \/>\nUhani\u00a0so temeljito za\u0161\u010diteni z nekaj plastmi laka, s \u010demer se ohrani trdnost in lepota lesa in jih zaradi tega lahko nosite v vseh vremenskih razmerah. Kljub za\u0161\u010diti pa leseni uhani niso vodoodporni in jih ni priporo\u010dljivi namakati v vodi, zato jih snemite pred tu\u0161iranjem ali kopanjem.<\/p>\n<p><strong>OPOMBA<\/strong><br \/>\nLes je naraven material in lahko malenkost odstopa v barvi, strukturi in vlaknih. Uhani so ro\u010dno pobarvani in lahko odstopajo od tistih na sliki, ampak zagotavljamo vam, da bodo zelo podobni tem, ki jih vidite na sliki.<\/p>\n","protected":false},"excerpt":{"rendered":"<p>Majhni geometrijski\u00a0kvadratni uhan\u010dki za vse prilo\u017enosti.<\/p>\n","protected":false},"featured_media":14808,"comment_status":"open","ping_status":"closed","template":"","meta":[],"product_brand":[],"product_cat":[75,74],"product_tag":[77,154,186,76],"class_list":{"0":"post-3603","1":"product","2":"type-product","3":"status-publish","4":"has-post-thumbnail","6":"product_cat-lesen-nakit","7":"product_cat-leseni-uhani","8":"product_tag-geometrija","9":"product_tag-majhni-uhani","10":"product_tag-pravokotnik","11":"product_tag-uhani","13":"first","14":"instock","15":"purchasable","16":"product-type-variable"},"_links":{"self":[{"href":"https:\/\/www.pararok.si\/en\/wp-json\/wp\/v2\/product\/3603","targetHints":{"allow":["GET"]}}],"collection":[{"href":"https:\/\/www.pararok.si\/en\/wp-json\/wp\/v2\/product"}],"about":[{"href":"https:\/\/www.pararok.si\/en\/wp-json\/wp\/v2\/types\/product"}],"replies":[{"embeddable":true,"href":"https:\/\/www.pararok.si\/en\/wp-json\/wp\/v2\/comments?post=3603"}],"wp:featuredmedia":[{"embeddable":true,"href":"https:\/\/www.pararok.si\/en\/wp-json\/wp\/v2\/media\/14808"}],"wp:attachment":[{"href":"https:\/\/www.pararok.si\/en\/wp-json\/wp\/v2\/media?parent=3603"}],"wp:term":[{"taxonomy":"product_brand","embeddable":true,"href":"https:\/\/www.pararok.si\/en\/wp-json\/wp\/v2\/product_brand?post=3603"},{"taxonomy":"product_cat","embeddable":true,"href":"https:\/\/www.pararok.si\/en\/wp-json\/wp\/v2\/product_cat?post=3603"},{"taxonomy":"product_tag","embeddable":true,"href":"https:\/\/www.pararok.si\/en\/wp-json\/wp\/v2\/product_tag?post=3603"}],"curies":[{"name":"wp","href":"https:\/\/api.w.org\/{rel}","templated":true}]}}