{"id":2950,"date":"2019-02-02T11:17:38","date_gmt":"2019-02-02T10:17:38","guid":{"rendered":"http:\/\/www.pararok.si\/?post_type=product&#038;p=2950"},"modified":"2025-08-22T15:54:41","modified_gmt":"2025-08-22T13:54:41","slug":"leseni-uhani-kaktusi","status":"publish","type":"product","link":"https:\/\/www.pararok.si\/en\/trgovina\/leseni-uhani-kaktusi\/","title":{"rendered":"Leseni uhani KAKTUS"},"content":{"rendered":"<p>Perfektni uhan\u010dki za vse ljubiteljice poletja in bodi\u010dastih kaktusov iz vro\u010dih pu\u0161\u010dav.<\/p>\n<p><strong><b>RAZLI\u010cICE<\/b><\/strong><strong><b><br \/>\n<\/b><\/strong><strong><b>Ob naro\u010dilu v meniju izberite barvo in vrsto kaktusa. <\/b><\/strong><\/p>\n<p><strong><b>Mo\u017eni sta dve vrsti:<\/b><\/strong><\/p>\n<ul>\n<li>okrogel<\/li>\n<li>razvejan<\/li>\n<li>mix (okrogel + razvejan)<\/li>\n<\/ul>\n<p><strong>Mo\u017enih je\u00a05 barv\u00a0cvetov:<\/strong><br \/>\n&#8211; oran\u017ena<br \/>\n&#8211; rde\u010da<br \/>\n&#8211; rumena<br \/>\n&#8211; vijola<br \/>\n&#8211; roza<\/p>\n<p><strong>DIMENZIJE OKROGLEGA KAKTUSA:<\/strong><br \/>\nDol\u017eina:8 mm<br \/>\nVi\u0161ina: 10 mm<br \/>\n\u0160irina: 2mm.<\/p>\n<p><strong>DIMENZIJE RAZVEJANEGA KAKTUSA:<\/strong><br \/>\nDol\u017eina:10 mm<br \/>\nVi\u0161ina: 11 mm<br \/>\n\u0160irina: 2mm.<\/p>\n<p><strong>MATERIAL<\/strong><br \/>\nUhani so narejeni iz lepljenega slovenskega furnirja. Izrezani so s pomo\u010djo laserja, nato pa ro\u010dno zbru\u0161eni in pobarvani z akrilnimi barvami.<\/p>\n<p><strong>OSNOVE<\/strong><br \/>\n<strong><b>Klasi\u010dne osnove<\/b><\/strong>\u00a0so izdelane iz hipoalergenega medicinskega jekla.<br \/>\n<strong><b>Osnove za pripet<\/b><\/strong>, za tiste, ki nimajo luknjic v u\u0161esih so narejene iz trdne vzdr\u017eljive plastike, z jeklenim del\u010dkom, na katerega je prilepljen uhan\u010dek.<br \/>\n<strong><b>Zapen\u010dki<\/b><\/strong>\u00a0so izdelani iz trdnega silikona.<\/p>\n<p>Uhani pridejo na klasi\u010dnih osnovah, \u010de pa \u017eelite uhane z osnovami za pripet, to zapi\u0161ite pod opombe pri zaklju\u010dku naro\u010dila v blagajni.<\/p>\n<p><strong><b>NEGA<\/b><\/strong><br \/>\nUhani\u00a0so temeljito za\u0161\u010diteni z nekaj plastmi laka, s \u010demer se ohrani trdnost in lepota lesa in jih zaradi tega lahko nosite v vseh vremenskih razmerah. Kljub za\u0161\u010diti pa uhani niso vodoodporni in jih ni priporo\u010dljivi namakati v vodi, zato jih snemite pred tu\u0161iranjem ali kopanjem.<\/p>\n<p><strong>OPOMBA<\/strong><br \/>\nLes je naraven material in lahko malenkost odstopa v barvi, strukturi in vlaknih. Uhani so ro\u010dno pobarvani in lahko odstopajo od tistih na sliki, ampak zagotavljamo vam, da bodo zelo podobni tem, ki jih vidite na sliki.<\/p>\n","protected":false},"excerpt":{"rendered":"<p>Perfektni uhan\u010dki za vse ljubiteljice poletja in bodi\u010dastih kaktusov iz vro\u010dih pu\u0161\u010dav.<\/p>\n","protected":false},"featured_media":14811,"comment_status":"open","ping_status":"closed","template":"","meta":[],"product_brand":[],"product_cat":[75,74],"product_tag":[76],"class_list":{"0":"post-2950","1":"product","2":"type-product","3":"status-publish","4":"has-post-thumbnail","6":"product_cat-lesen-nakit","7":"product_cat-leseni-uhani","8":"product_tag-uhani","10":"first","11":"instock","12":"featured","13":"purchasable","14":"product-type-variable","15":"has-default-attributes"},"_links":{"self":[{"href":"https:\/\/www.pararok.si\/en\/wp-json\/wp\/v2\/product\/2950","targetHints":{"allow":["GET"]}}],"collection":[{"href":"https:\/\/www.pararok.si\/en\/wp-json\/wp\/v2\/product"}],"about":[{"href":"https:\/\/www.pararok.si\/en\/wp-json\/wp\/v2\/types\/product"}],"replies":[{"embeddable":true,"href":"https:\/\/www.pararok.si\/en\/wp-json\/wp\/v2\/comments?post=2950"}],"wp:featuredmedia":[{"embeddable":true,"href":"https:\/\/www.pararok.si\/en\/wp-json\/wp\/v2\/media\/14811"}],"wp:attachment":[{"href":"https:\/\/www.pararok.si\/en\/wp-json\/wp\/v2\/media?parent=2950"}],"wp:term":[{"taxonomy":"product_brand","embeddable":true,"href":"https:\/\/www.pararok.si\/en\/wp-json\/wp\/v2\/product_brand?post=2950"},{"taxonomy":"product_cat","embeddable":true,"href":"https:\/\/www.pararok.si\/en\/wp-json\/wp\/v2\/product_cat?post=2950"},{"taxonomy":"product_tag","embeddable":true,"href":"https:\/\/www.pararok.si\/en\/wp-json\/wp\/v2\/product_tag?post=2950"}],"curies":[{"name":"wp","href":"https:\/\/api.w.org\/{rel}","templated":true}]}}