{"id":2900,"date":"2019-01-28T18:21:01","date_gmt":"2019-01-28T18:21:01","guid":{"rendered":"http:\/\/www.pararok.si\/?post_type=product&#038;p=2900"},"modified":"2025-07-21T21:45:32","modified_gmt":"2025-07-21T19:45:32","slug":"leseni-uhani-trikotniki","status":"publish","type":"product","link":"https:\/\/www.pararok.si\/en\/trgovina\/leseni-uhani-trikotniki\/","title":{"rendered":"Leseni uhani TRIKOTNIK"},"content":{"rendered":"<h5>Lahki geometrijski leseni uhani so primerni za vsako prilo\u017enost.<\/h5>\n<h5><strong><b>RAZLI\u010cICE<\/b><\/strong><br \/>\nOb naro\u010dilu v meniju izberite barvo lesenih uhanov. Mo\u017ene so naslednje razli\u010dice:<\/h5>\n<ul>\n<li>TEMNO ZLATA &amp; MODRO ZELENA<\/li>\n<li>\u010cRNA &amp;\u00a0 ROSE GOLD &amp; BE\u017d<\/li>\n<li>ROZA &amp; ZLATA<\/li>\n<li>MINT &amp; BAKRENA<\/li>\n<\/ul>\n<p><strong>DIMENZIJE UHANOV<\/strong><br \/>\nDol\u017eina:12 mm<br \/>\nVi\u0161ina: 9 mm<br \/>\n\u0160irina: 2mm<\/p>\n<p><strong>MATERIAL<\/strong><br \/>\nUhani so narejeni iz lepljenega slovenskega furnirja. Izrezani so s pomo\u010djo laserja, nato pa ro\u010dno zbru\u0161eni in pobarvani z akrilnimi barvami.<\/p>\n<p><strong>OSNOVE<\/strong><br \/>\n<strong>Klasi\u010dne osnove<\/strong>\u00a0so izdelane iz hipoalergenega medicinskega jekla.<br \/>\n<strong>Osnove za pripet<\/strong>, za tiste, ki nimajo luknjic v u\u0161esih so narejene iz trdne vzdr\u017eljive plastike, z jeklenim del\u010dkom, na katerega je prilepljen uhan\u010dek.<br \/>\n<strong>Zapen\u010dki<\/strong> so izdelani iz trdnega silikona.<\/p>\n<p>Uhani pridejo na klasi\u010dnih osnovah, \u010de pa \u017eelite uhane z osnovami za pripet, to zapi\u0161ite pod opombe pri zaklju\u010dku naro\u010dila v blagajni.<\/p>\n<p><strong>NEGA<\/strong><br \/>\nUhani\u00a0so temeljito za\u0161\u010diteni z nekaj plastmi laka, s \u010demer se ohrani trdnost in lepota lesa in jih zaradi tega lahko nosite v vseh vremenskih razmerah. Kljub za\u0161\u010diti pa uhani niso vodoodporni in jih ni priporo\u010dljivi namakati v vodi, zato jih snemite pred tu\u0161iranjem ali kopanjem.<\/p>\n<p><strong>OPOMBA<\/strong><br \/>\nLes je naraven material in lahko malenkost odstopa v barvi, strukturi in vlaknih. Uhani so ro\u010dno pobarvani in lahko odstopajo od tistih na sliki, ampak zagotavljamo vam, da bodo zelo podobni tem, ki jih vidite na sliki.<\/p>\n","protected":false},"excerpt":{"rendered":"<p>Lahki leseni uhani trikotniki so na voljo v razli\u010dnih barvah in lepo dopolnijo vsak outfit.<\/p>\n","protected":false},"featured_media":16099,"comment_status":"open","ping_status":"closed","template":"","meta":[],"product_brand":[],"product_cat":[75,74],"product_tag":[77,158,76],"class_list":{"0":"post-2900","1":"product","2":"type-product","3":"status-publish","4":"has-post-thumbnail","6":"product_cat-lesen-nakit","7":"product_cat-leseni-uhani","8":"product_tag-geometrija","9":"product_tag-trikotnik","10":"product_tag-uhani","12":"first","13":"instock","14":"taxable","15":"shipping-taxable","16":"purchasable","17":"product-type-variable"},"_links":{"self":[{"href":"https:\/\/www.pararok.si\/en\/wp-json\/wp\/v2\/product\/2900","targetHints":{"allow":["GET"]}}],"collection":[{"href":"https:\/\/www.pararok.si\/en\/wp-json\/wp\/v2\/product"}],"about":[{"href":"https:\/\/www.pararok.si\/en\/wp-json\/wp\/v2\/types\/product"}],"replies":[{"embeddable":true,"href":"https:\/\/www.pararok.si\/en\/wp-json\/wp\/v2\/comments?post=2900"}],"wp:featuredmedia":[{"embeddable":true,"href":"https:\/\/www.pararok.si\/en\/wp-json\/wp\/v2\/media\/16099"}],"wp:attachment":[{"href":"https:\/\/www.pararok.si\/en\/wp-json\/wp\/v2\/media?parent=2900"}],"wp:term":[{"taxonomy":"product_brand","embeddable":true,"href":"https:\/\/www.pararok.si\/en\/wp-json\/wp\/v2\/product_brand?post=2900"},{"taxonomy":"product_cat","embeddable":true,"href":"https:\/\/www.pararok.si\/en\/wp-json\/wp\/v2\/product_cat?post=2900"},{"taxonomy":"product_tag","embeddable":true,"href":"https:\/\/www.pararok.si\/en\/wp-json\/wp\/v2\/product_tag?post=2900"}],"curies":[{"name":"wp","href":"https:\/\/api.w.org\/{rel}","templated":true}]}}