{"id":2840,"date":"2019-01-28T12:54:12","date_gmt":"2019-01-28T12:54:12","guid":{"rendered":"http:\/\/www.pararok.si\/?post_type=product&#038;p=2840"},"modified":"2025-07-21T20:54:30","modified_gmt":"2025-07-21T18:54:30","slug":"lesena-broska-lisicka","status":"publish","type":"product","link":"https:\/\/www.pararok.si\/en\/trgovina\/lesena-broska-lisicka\/","title":{"rendered":"Lesena bro\u0161ka LISI\u010cKA"},"content":{"rendered":"<h1><strong><b>Lesena bro\u0161ka lisi\u010dka.\u00a0<\/b><\/strong><\/h1>\n<h3><strong>VELIKOST BRO\u0160KE<\/strong><\/h3>\n<p>Dol\u017eina: 35 mm<br \/>\nVi\u0161ina: 24 mm<br \/>\n\u0160irina: 4\u00a0mm.<\/p>\n<h4><strong><b>OSNOVE<\/b><\/strong><strong><b>\u00a0<\/b><\/strong>bro\u0161k so narejene iz nerjave\u010dega jekla.<strong><b>\u00a0<\/b><\/strong><\/h4>\n<h4><strong><b>NEGA<\/b><\/strong><\/h4>\n<p>Bro\u0161ke so temeljito za\u0161\u010ditene z nekaj plastmi laka, s \u010demer se ohrani trdnost in lepota lesa in jih zaradi tega lahko nosite v vseh vremenskih razmerah. Kljub za\u0161\u010diti pa bro\u0161ke niso vodoodpore in jih ni priporo\u010dljivi namakati v vodi.<\/p>\n<h4><strong><b>OPOMBA<\/b><\/strong><\/h4>\n<p>Bro\u0161ke so narejene iz lepljenega slovenskega bukovega furnirja. Izrezane so s pomo\u010djo laserja, nato pa skrbno ro\u010dno zbru\u0161ene in pobarvane z akrilnimi barvami. Les je naraven material in lahko malenkost odstopa v barvi, strukturi in vlaknih. Vsaka bro\u0161ka je ro\u010dno pobarvana in lahko odstopa od tiste na sliki, ampak zagotavljamo vam, da bo zelo podobni tej, ki jo vidite na sliki.<\/p>\n<p>Bro\u0161ka je velikokrat nerazumljen modni dodatek, ki ponuja veliko mo\u017enih na\u010dinov no\u0161nje in popestri vsako obla\u010dilo.\u00a0Ve\u010d o tem, kako nositi in kombinirati bro\u0161ke, si lahko preberete na <a href=\"http:\/\/www.pararok.si\/kako-nositi-broske\/\"><strong>BLOGU<\/strong><\/a><\/p>\n","protected":false},"excerpt":{"rendered":"<p>Lesena bro\u0161ka lisi\u010dka je\u00a0popolna spremljevalka na vsakem potovanju.<\/p>\n<p>Mici obo\u017euje starodobnike, njen najljub\u0161i je Pej\u010dek v rde\u010di barvi. Je rekorderka v menjavi gum, na kar je nadvse ponosna.<\/p>\n","protected":false},"featured_media":12288,"comment_status":"open","ping_status":"closed","template":"","meta":[],"product_brand":[],"product_cat":[75,85],"product_tag":[89,88],"class_list":{"0":"post-2840","1":"product","2":"type-product","3":"status-publish","4":"has-post-thumbnail","6":"product_cat-lesen-nakit","7":"product_cat-lesene-broske","8":"product_tag-broska","9":"product_tag-lisicka","11":"first","12":"instock","13":"purchasable","14":"product-type-variable"},"_links":{"self":[{"href":"https:\/\/www.pararok.si\/en\/wp-json\/wp\/v2\/product\/2840","targetHints":{"allow":["GET"]}}],"collection":[{"href":"https:\/\/www.pararok.si\/en\/wp-json\/wp\/v2\/product"}],"about":[{"href":"https:\/\/www.pararok.si\/en\/wp-json\/wp\/v2\/types\/product"}],"replies":[{"embeddable":true,"href":"https:\/\/www.pararok.si\/en\/wp-json\/wp\/v2\/comments?post=2840"}],"wp:featuredmedia":[{"embeddable":true,"href":"https:\/\/www.pararok.si\/en\/wp-json\/wp\/v2\/media\/12288"}],"wp:attachment":[{"href":"https:\/\/www.pararok.si\/en\/wp-json\/wp\/v2\/media?parent=2840"}],"wp:term":[{"taxonomy":"product_brand","embeddable":true,"href":"https:\/\/www.pararok.si\/en\/wp-json\/wp\/v2\/product_brand?post=2840"},{"taxonomy":"product_cat","embeddable":true,"href":"https:\/\/www.pararok.si\/en\/wp-json\/wp\/v2\/product_cat?post=2840"},{"taxonomy":"product_tag","embeddable":true,"href":"https:\/\/www.pararok.si\/en\/wp-json\/wp\/v2\/product_tag?post=2840"}],"curies":[{"name":"wp","href":"https:\/\/api.w.org\/{rel}","templated":true}]}}