{"id":15392,"date":"2021-10-21T08:48:31","date_gmt":"2021-10-21T06:48:31","guid":{"rendered":"http:\/\/www.pararok.si\/?post_type=product&#038;p=15392"},"modified":"2021-10-25T00:02:36","modified_gmt":"2021-10-24T22:02:36","slug":"lesene-svece","status":"publish","type":"product","link":"https:\/\/www.pararok.si\/en\/trgovina\/lesene-svece\/","title":{"rendered":"Lesene sve\u010de"},"content":{"rendered":"<h1>Ekolo\u0161ke lesene sve\u010de<\/h1>\n<p>Lesene sve\u010de so prijazna alternativa plasti\u010dnim. Lahko jih kupite posami\u010dno ali v kompletu po 5 ali 10 kosov. Sve\u010de je zelo enostavno postaviti na grob, spodnji del se zapi\u010di v zemljo ali ikebano. Sve\u010de so izdelane iz vezane plo\u0161\u010de, ki je narejena iz brezovega lesa.<\/p>\n<h3><strong>DIMENZIJA:<\/strong><\/h3>\n<p>Vi\u0161ina: 19,5 cm<br \/>\n\u0160irina: 4,5 cm.<\/p>\n<p>&nbsp;<\/p>\n","protected":false},"excerpt":{"rendered":"<p><span class=\"JsGRdQ\">Lesene sve\u010de so prijazne do okolja in narave.<\/span><\/p>\n","protected":false},"featured_media":15396,"comment_status":"closed","ping_status":"closed","template":"","meta":[],"product_brand":[],"product_cat":[228],"product_tag":[],"class_list":{"0":"post-15392","1":"product","2":"type-product","3":"status-publish","4":"has-post-thumbnail","6":"product_cat-ostali-izdelki","8":"first","9":"instock","10":"taxable","11":"shipping-taxable","12":"purchasable","13":"product-type-variable"},"_links":{"self":[{"href":"https:\/\/www.pararok.si\/en\/wp-json\/wp\/v2\/product\/15392","targetHints":{"allow":["GET"]}}],"collection":[{"href":"https:\/\/www.pararok.si\/en\/wp-json\/wp\/v2\/product"}],"about":[{"href":"https:\/\/www.pararok.si\/en\/wp-json\/wp\/v2\/types\/product"}],"replies":[{"embeddable":true,"href":"https:\/\/www.pararok.si\/en\/wp-json\/wp\/v2\/comments?post=15392"}],"wp:featuredmedia":[{"embeddable":true,"href":"https:\/\/www.pararok.si\/en\/wp-json\/wp\/v2\/media\/15396"}],"wp:attachment":[{"href":"https:\/\/www.pararok.si\/en\/wp-json\/wp\/v2\/media?parent=15392"}],"wp:term":[{"taxonomy":"product_brand","embeddable":true,"href":"https:\/\/www.pararok.si\/en\/wp-json\/wp\/v2\/product_brand?post=15392"},{"taxonomy":"product_cat","embeddable":true,"href":"https:\/\/www.pararok.si\/en\/wp-json\/wp\/v2\/product_cat?post=15392"},{"taxonomy":"product_tag","embeddable":true,"href":"https:\/\/www.pararok.si\/en\/wp-json\/wp\/v2\/product_tag?post=15392"}],"curies":[{"name":"wp","href":"https:\/\/api.w.org\/{rel}","templated":true}]}}