{"id":15215,"date":"2021-02-04T17:15:53","date_gmt":"2021-02-04T16:15:53","guid":{"rendered":"http:\/\/www.pararok.si\/?post_type=product&#038;p=15215"},"modified":"2025-07-20T20:24:02","modified_gmt":"2025-07-20T18:24:02","slug":"komplet-uhanov-in-broske-muca-in-tacke","status":"publish","type":"product","link":"https:\/\/www.pararok.si\/en\/trgovina\/komplet-uhanov-in-broske-muca-in-tacke\/","title":{"rendered":"Komplet uhanov in bro\u0161ke MUCA in TA\u010cKE"},"content":{"rendered":"<h1>Komplet uhanov in bro\u0161ke MUCA in TA\u010cKE<\/h1>\n<h2>Prikupen komplet z motivom mucke in ta\u010dk.<\/h2>\n<p>Set sestavljata bro\u0161ka in uhani.<\/p>\n<hr \/>\n<h3><\/h3>\n<h3><strong>RAZLI\u010cICE<\/strong> &#8211; Ob naro\u010dilu izberite osnovo uhanov<\/h3>\n<p>&nbsp;<\/p>\n<h3><\/h3>\n<h3><strong>PRIBLI\u017dNA VELIKOST UHANOV<\/strong><\/h3>\n<p>Dol\u017eina: 10 mm<br \/>\nVi\u0161ina: 9 mm<br \/>\n\u0160irina: 2 mm<\/p>\n<h3><strong>PRIBLI\u017dNA VELIKOST BRO\u0160KE<\/strong><\/h3>\n<p>Dol\u017eina: 30 mm<br \/>\nVi\u0161ina: 25 mm<br \/>\n\u0160irina: 4 mm.<\/p>\n<p>&nbsp;<\/p>\n<h3><strong>OSNOVE UHANOV <\/strong>(izberite v meniju)<\/h3>\n<p>Klasi\u010dne osnove: izbirate lahko med kvalitetnim <strong>kirur\u0161kim jeklom<\/strong> in <strong>titanom<\/strong>, ki je primeren za alergike.<\/p>\n<p><strong>Zapen\u010dki<\/strong>\u00a0so izdelani iz trdnega silikona.<\/p>\n<h3><strong>OSNOVE BRO\u0160KE\u00a0<\/strong><\/h3>\n<p>Osnove so izdelane iz kirur\u0161kega jekla.<\/p>\n<p>&nbsp;<\/p>\n<h3><strong><b>NEGA<\/b><\/strong><\/h3>\n<p>Uhani in bro\u0161ka so temeljito za\u0161\u010diteni z nekaj plastmi laka, s \u010demer se ohrani trdnost in lepota lesa in jih zaradi tega lahko nosite v vseh vremenskih razmerah. Kljub za\u0161\u010diti pa uhani in bro\u0161ka niso vodoodporni in jih ni priporo\u010dljivi namakati v vodi, zato jih snemite pred tu\u0161iranjem ali kopanjem.<\/p>\n<p>&nbsp;<\/p>\n<h4><strong>OPOMBA<\/strong><\/h4>\n<p>Les je naraven material in lahko malenkost odstopa v barvi, strukturi in vlaknih. Uhani in bro\u0161ka so ro\u010dno pobarvani in lahko odstopajo od tistih na sliki, ampak zagotavljamo vam, da bodo zelo podobni tem, ki jih vidite na sliki.<\/p>\n<p>Za posami\u010dne uhan\u010dke klikni tukaj: <span style=\"color: #ff0000;\"><a style=\"color: #ff0000;\" href=\"http:\/\/www.pararok.si\/trgovina\/leseni-uhani-tacke\/\"><strong><span style=\"color: #ff0000;\">UHANI TA\u010cKA<\/span><\/strong><\/a>\u00a0<span style=\"color: #000000;\">(<\/span><\/span><span style=\"color: #000000;\">t<\/span>u najde\u0161 tudi razli\u010dne barve cvetov in kombinacije kaktusov), za bro\u0161ko pa tukaj: <a href=\"http:\/\/www.pararok.si\/trgovina\/lesena-broska-muca\/\"><strong><span style=\"color: #ff0000;\">BRO\u0160KA MUCA<\/span><\/strong><\/a>.<\/p>\n<p>&nbsp;<\/p>\n<p>Bro\u0161ka je velikokrat nerazumljen modni dodatek, ki ponuja veliko mo\u017enih na\u010dinov no\u0161nje in popestri vsako obla\u010dilo.\u00a0Ve\u010d o tem, kako nositi in kombinirati bro\u0161ke, si lahko preberete na\u00a0<a href=\"http:\/\/www.pararok.si\/kako-nositi-broske\/\"><strong>BLOGU<\/strong><\/a><\/p>\n","protected":false},"excerpt":{"rendered":"<p>Komplet bro\u0161ke in uhanov z motivom mucke in ta\u010dk.<\/p>\n","protected":false},"featured_media":15185,"comment_status":"closed","ping_status":"closed","template":"","meta":[],"product_brand":[],"product_cat":[227],"product_tag":[233,172,94],"class_list":{"0":"post-15215","1":"product","2":"type-product","3":"status-publish","4":"has-post-thumbnail","6":"product_cat-darilni-seti","7":"product_tag-darilni-komplet","8":"product_tag-muca","9":"product_tag-tacke","11":"first","12":"instock","13":"taxable","14":"shipping-taxable","15":"purchasable","16":"product-type-variable"},"_links":{"self":[{"href":"https:\/\/www.pararok.si\/en\/wp-json\/wp\/v2\/product\/15215","targetHints":{"allow":["GET"]}}],"collection":[{"href":"https:\/\/www.pararok.si\/en\/wp-json\/wp\/v2\/product"}],"about":[{"href":"https:\/\/www.pararok.si\/en\/wp-json\/wp\/v2\/types\/product"}],"replies":[{"embeddable":true,"href":"https:\/\/www.pararok.si\/en\/wp-json\/wp\/v2\/comments?post=15215"}],"wp:featuredmedia":[{"embeddable":true,"href":"https:\/\/www.pararok.si\/en\/wp-json\/wp\/v2\/media\/15185"}],"wp:attachment":[{"href":"https:\/\/www.pararok.si\/en\/wp-json\/wp\/v2\/media?parent=15215"}],"wp:term":[{"taxonomy":"product_brand","embeddable":true,"href":"https:\/\/www.pararok.si\/en\/wp-json\/wp\/v2\/product_brand?post=15215"},{"taxonomy":"product_cat","embeddable":true,"href":"https:\/\/www.pararok.si\/en\/wp-json\/wp\/v2\/product_cat?post=15215"},{"taxonomy":"product_tag","embeddable":true,"href":"https:\/\/www.pararok.si\/en\/wp-json\/wp\/v2\/product_tag?post=15215"}],"curies":[{"name":"wp","href":"https:\/\/api.w.org\/{rel}","templated":true}]}}