{"id":15200,"date":"2021-02-03T15:51:02","date_gmt":"2021-02-03T14:51:02","guid":{"rendered":"http:\/\/www.pararok.si\/?post_type=product&#038;p=15200"},"modified":"2025-07-20T20:25:51","modified_gmt":"2025-07-20T18:25:51","slug":"set-uhanov-in-broske-mavrica","status":"publish","type":"product","link":"https:\/\/www.pararok.si\/en\/trgovina\/set-uhanov-in-broske-mavrica\/","title":{"rendered":"Set uhanov in bro\u0161ke MAVRICA"},"content":{"rendered":"<h1>Set uhanov in bro\u0161ke MAVRICA<\/h1>\n<h2>Ljubek komplet z motivom mavrice.<\/h2>\n<p>Set\u00a0 sestavljata bro\u0161ka in uhani. Odli\u010dno darilo za ljubiteljico mavri\u010dnih stvari.<\/p>\n<hr \/>\n<h3><\/h3>\n<h3><strong>RAZLI\u010cICE<\/strong> &#8211; Ob naro\u010dilu izberite osnovo uhanov<\/h3>\n<h3><\/h3>\n<h3><strong>PRIBLI\u017dNA VELIKOST UHANOV<\/strong><\/h3>\n<p>Dol\u017eina: 10\u00a0 mm<br \/>\nVi\u0161ina: 7 mm<br \/>\n\u0160irina: 2 mm<\/p>\n<h3><strong>PRIBLI\u017dNA VELIKOST BRO\u0160KE<\/strong><\/h3>\n<p>Dol\u017eina: 32 mm<br \/>\nVi\u0161ina: 22 mm<br \/>\n\u0160irina: 4 mm.<\/p>\n<h3><strong>OSNOVE UHANOV <\/strong>(izberite v meniju)<\/h3>\n<p>Klasi\u010dne osnove: izbirate lahko med kvalitetnim <strong>kirur\u0161kim jeklom<\/strong> in <strong>titanom<\/strong>, ki je primeren za alergike.<\/p>\n<p><strong>Zapen\u010dki<\/strong>\u00a0so izdelani iz trdnega silikona.<\/p>\n<h3><strong>OSNOVE BRO\u0160KE\u00a0<\/strong><\/h3>\n<p>Osnove so izdelane iz kirur\u0161kega jekla.<\/p>\n<h3><strong><b>NEGA<\/b><\/strong><\/h3>\n<p>Uhani in bro\u0161ka so temeljito za\u0161\u010diteni z nekaj plastmi laka, s \u010demer se ohrani trdnost in lepota lesa in jih zaradi tega lahko nosite v vseh vremenskih razmerah. Kljub za\u0161\u010diti pa uhani in bro\u0161ka niso vodoodporni in jih ni priporo\u010dljivi namakati v vodi, zato jih snemite pred tu\u0161iranjem ali kopanjem.<\/p>\n<h4><strong>OPOMBA<\/strong><\/h4>\n<p>Les je naraven material in lahko malenkost odstopa v barvi, strukturi in vlaknih. Uhani in bro\u0161ka so ro\u010dno pobarvani in lahko odstopajo od tistih na sliki, ampak zagotavljamo vam, da bodo zelo podobni tem, ki jih vidite na sliki.<\/p>\n<p>Bro\u0161ka je velikokrat nerazumljen modni dodatek, ki ponuja veliko mo\u017enih na\u010dinov no\u0161nje in popestri vsako obla\u010dilo.\u00a0Ve\u010d o tem, kako nositi in kombinirati bro\u0161ke, si lahko preberete na\u00a0<a href=\"http:\/\/www.pararok.si\/kako-nositi-broske\/\"><strong>BLOGU<\/strong><\/a><\/p>\n","protected":false},"excerpt":{"rendered":"<p>Set bro\u0161ke in uhanov z motivom mavrice.<\/p>\n","protected":false},"featured_media":15176,"comment_status":"closed","ping_status":"closed","template":"","meta":[],"product_brand":[],"product_cat":[227],"product_tag":[231,232],"class_list":{"0":"post-15200","1":"product","2":"type-product","3":"status-publish","4":"has-post-thumbnail","6":"product_cat-darilni-seti","7":"product_tag-darilni-set","8":"product_tag-mavrica","10":"first","11":"instock","12":"taxable","13":"shipping-taxable","14":"purchasable","15":"product-type-variable"},"_links":{"self":[{"href":"https:\/\/www.pararok.si\/en\/wp-json\/wp\/v2\/product\/15200","targetHints":{"allow":["GET"]}}],"collection":[{"href":"https:\/\/www.pararok.si\/en\/wp-json\/wp\/v2\/product"}],"about":[{"href":"https:\/\/www.pararok.si\/en\/wp-json\/wp\/v2\/types\/product"}],"replies":[{"embeddable":true,"href":"https:\/\/www.pararok.si\/en\/wp-json\/wp\/v2\/comments?post=15200"}],"wp:featuredmedia":[{"embeddable":true,"href":"https:\/\/www.pararok.si\/en\/wp-json\/wp\/v2\/media\/15176"}],"wp:attachment":[{"href":"https:\/\/www.pararok.si\/en\/wp-json\/wp\/v2\/media?parent=15200"}],"wp:term":[{"taxonomy":"product_brand","embeddable":true,"href":"https:\/\/www.pararok.si\/en\/wp-json\/wp\/v2\/product_brand?post=15200"},{"taxonomy":"product_cat","embeddable":true,"href":"https:\/\/www.pararok.si\/en\/wp-json\/wp\/v2\/product_cat?post=15200"},{"taxonomy":"product_tag","embeddable":true,"href":"https:\/\/www.pararok.si\/en\/wp-json\/wp\/v2\/product_tag?post=15200"}],"curies":[{"name":"wp","href":"https:\/\/api.w.org\/{rel}","templated":true}]}}