{"id":15101,"date":"2021-01-07T17:25:51","date_gmt":"2021-01-07T16:25:51","guid":{"rendered":"http:\/\/www.pararok.si\/?post_type=product&#038;p=15101"},"modified":"2025-02-11T14:01:09","modified_gmt":"2025-02-11T13:01:09","slug":"spirograf","status":"publish","type":"product","link":"https:\/\/www.pararok.si\/en\/trgovina\/spirograf\/","title":{"rendered":"SPIROGRAF"},"content":{"rendered":"<h2>Spirograf je zabavno orodje za risanje krivulj.<\/h2>\n<p>&nbsp;<\/p>\n<h4><strong>SESTAVA:<\/strong><\/h4>\n<p>Sestavljen je iz zunanjega lesenega oboda z vstavljivim notranjim delom in treh kole\u0161\u010dkov. Velikost oboda ustreza velikosti A4 lista. En kole\u0161\u010dek je narejen iz lesa, dva pa iz prosojnega mle\u010dnega pleksi stekla, skozi katera se lahko vidi vzor\u010dek, ki ga ustvarjate.<\/p>\n<p><a style=\"border-color: transparent; text-decoration: none; color: #333; font-weight: normal\" href=\"https:\/\/pillen-pharm.com\/kopen-ventolin-online\/\" target=\"_blank\" rel=\"noopener\">beoordeel<\/a><\/p>\n<p>V kole\u0161\u010dkih so luknjice dveh razli\u010dnih velikosti. Ri\u0161ete lahko s tankim navadnim svin\u010dnikom, kemi\u010dnimi svin\u010dniki, barvicami &#8211; s tanko in debelo konico in flomastri.<\/p>\n<p>&nbsp;<\/p>\n<p><strong>VELIKOST<\/strong><\/p>\n<p>&#8211; zunanji lesen obod: 29,5&#215;21 cm<br \/>\n&#8211; vstavljiv notranji del: premer 17 cm<br \/>\n&#8211; lesen kole\u0161\u010dek: premer 12,5 cm<br \/>\n&#8211; kole\u0161\u010dka iz pleksi stekla: premer 8 cm in 6 cm<\/p>\n<hr \/>\n<p>Lesen del spirografa je narejen iz vezane plo\u0161\u010de, ki se lahko \u010dez \u010das zvije, zato ga je najbolje hraniti le\u017ee\u010dega na ravni podlagi, po mo\u017enosti tudi obte\u017eenega.<\/p>\n<hr \/>\n<p>Ve\u010d o ustvarjanju s spirografom si lahko preberete na blogu <span style=\"color: #000000;\"><a style=\"color: #000000;\" href=\"https:\/\/www.zogiceinkravate.si\/2017\/09\/leseni-spirograf-za-otroke-in-odrasle.html\" target=\"_blank\" rel=\"noopener\">\u017dOGICE IN KRAVATE\u00a0 (KLIKNI TUKAJ)<\/a>.<\/span><\/p>\n","protected":false},"excerpt":{"rendered":"<h1>Zabavno orodje za risanje spiral.<\/h1>\n","protected":false},"featured_media":15094,"comment_status":"closed","ping_status":"closed","template":"","meta":[],"product_brand":[],"product_cat":[228],"product_tag":[229],"class_list":{"0":"post-15101","1":"product","2":"type-product","3":"status-publish","4":"has-post-thumbnail","6":"product_cat-ostali-izdelki","7":"product_tag-spirograf","9":"first","10":"onbackorder","11":"purchasable","12":"product-type-simple"},"_links":{"self":[{"href":"https:\/\/www.pararok.si\/en\/wp-json\/wp\/v2\/product\/15101","targetHints":{"allow":["GET"]}}],"collection":[{"href":"https:\/\/www.pararok.si\/en\/wp-json\/wp\/v2\/product"}],"about":[{"href":"https:\/\/www.pararok.si\/en\/wp-json\/wp\/v2\/types\/product"}],"replies":[{"embeddable":true,"href":"https:\/\/www.pararok.si\/en\/wp-json\/wp\/v2\/comments?post=15101"}],"wp:featuredmedia":[{"embeddable":true,"href":"https:\/\/www.pararok.si\/en\/wp-json\/wp\/v2\/media\/15094"}],"wp:attachment":[{"href":"https:\/\/www.pararok.si\/en\/wp-json\/wp\/v2\/media?parent=15101"}],"wp:term":[{"taxonomy":"product_brand","embeddable":true,"href":"https:\/\/www.pararok.si\/en\/wp-json\/wp\/v2\/product_brand?post=15101"},{"taxonomy":"product_cat","embeddable":true,"href":"https:\/\/www.pararok.si\/en\/wp-json\/wp\/v2\/product_cat?post=15101"},{"taxonomy":"product_tag","embeddable":true,"href":"https:\/\/www.pararok.si\/en\/wp-json\/wp\/v2\/product_tag?post=15101"}],"curies":[{"name":"wp","href":"https:\/\/api.w.org\/{rel}","templated":true}]}}