{"id":14622,"date":"2020-07-01T13:26:19","date_gmt":"2020-07-01T11:26:19","guid":{"rendered":"http:\/\/www.pararok.si\/?post_type=product&#038;p=14622"},"modified":"2025-07-20T21:26:31","modified_gmt":"2025-07-20T19:26:31","slug":"leseni-uhani-sladoled","status":"publish","type":"product","link":"https:\/\/www.pararok.si\/en\/trgovina\/leseni-uhani-sladoled\/","title":{"rendered":"Leseni uhani SLADOLED"},"content":{"rendered":"<h1>Leseni uhani sladoled<\/h1>\n<h3>Sladki in osve\u017eujo\u010di uhani v obliki sladoleda. Na voljo je ve\u010d razli\u010dnih vrst sladoleda &#8211; to\u010den, kepice in klasika &#8211; sladoled v obliki lu\u010dke.<\/h3>\n<hr \/>\n<h3><\/h3>\n<h3><strong>RAZLI\u010cICE<\/strong> &#8211; Ob naro\u010dilu v meniju izberite barvo in vrsto osnove<strong><b>.<\/b><\/strong><\/h3>\n<h3><\/h3>\n<h3><strong>PRIBLI\u017dNA VELIKOST<\/strong><\/h3>\n<p>Dol\u017eina: 6 mm<br \/>\nVi\u0161ina: 10 mm<br \/>\n\u0160irina: 2 mm.<\/p>\n<h3><strong>VRSTE<\/strong><\/h3>\n<ul>\n<li>to\u010den sladoled<\/li>\n<li>sladoled v kepicah<\/li>\n<li>lu\u010dka &#8211; cela<\/li>\n<li>lu\u010dka &#8211; obgriznjena<\/li>\n<\/ul>\n<p>&nbsp;<\/p>\n<h3><strong>OSNOVE\u00a0<\/strong>(izberite v meniju)<\/h3>\n<p>Klasi\u010dne osnove: izbirate lahko med kvalitetnim <strong>kirur\u0161kim jeklom<\/strong> in <strong>titanom<\/strong>, ki je primeren za alergike.<\/p>\n<p><strong>Zapen\u010dki<\/strong>\u00a0so izdelani iz trdnega silikona.<\/p>\n<hr \/>\n<h3><strong>MATERIAL<\/strong><\/h3>\n<p>Uhani so narejeni iz lepljenega furnirja hru\u0161ke. Izrezani so s pomo\u010djo laserja, nato pa ro\u010dno zbru\u0161eni in pobarvani z akrilnimi barvami.<\/p>\n<h3><strong><b>NEGA<\/b><\/strong><\/h3>\n<p>Uhani\u00a0so temeljito za\u0161\u010diteni z nekaj plastmi laka, s \u010demer se ohrani trdnost in lepota lesa in jih zaradi tega lahko nosite v vseh vremenskih razmerah. Kljub za\u0161\u010diti pa uhani niso vodoodporni in jih ni priporo\u010dljivi namakati v vodi, zato jih snemite pred tu\u0161iranjem ali kopanjem.<\/p>\n<h4><strong>OPOMBA<\/strong><\/h4>\n<p>Les je naraven material in lahko malenkost odstopa v barvi, strukturi in vlaknih. Uhani so ro\u010dno pobarvani in lahko odstopajo od tistih na sliki, ampak zagotavljamo vam, da bodo zelo podobni tem, ki jih vidite na sliki.<\/p>\n<p>&nbsp;<\/p>\n<p>&nbsp;<\/p>\n","protected":false},"excerpt":{"rendered":"<p>Uhan\u010dki v obliki razli\u010dnih vrst sladoleda<\/p>\n","protected":false},"featured_media":16128,"comment_status":"open","ping_status":"closed","template":"","meta":[],"product_brand":[],"product_cat":[75,74],"product_tag":[216,76],"class_list":{"0":"post-14622","1":"product","2":"type-product","3":"status-publish","4":"has-post-thumbnail","6":"product_cat-lesen-nakit","7":"product_cat-leseni-uhani","8":"product_tag-sladoled","9":"product_tag-uhani","11":"first","12":"instock","13":"featured","14":"purchasable","15":"product-type-variable"},"_links":{"self":[{"href":"https:\/\/www.pararok.si\/en\/wp-json\/wp\/v2\/product\/14622","targetHints":{"allow":["GET"]}}],"collection":[{"href":"https:\/\/www.pararok.si\/en\/wp-json\/wp\/v2\/product"}],"about":[{"href":"https:\/\/www.pararok.si\/en\/wp-json\/wp\/v2\/types\/product"}],"replies":[{"embeddable":true,"href":"https:\/\/www.pararok.si\/en\/wp-json\/wp\/v2\/comments?post=14622"}],"wp:featuredmedia":[{"embeddable":true,"href":"https:\/\/www.pararok.si\/en\/wp-json\/wp\/v2\/media\/16128"}],"wp:attachment":[{"href":"https:\/\/www.pararok.si\/en\/wp-json\/wp\/v2\/media?parent=14622"}],"wp:term":[{"taxonomy":"product_brand","embeddable":true,"href":"https:\/\/www.pararok.si\/en\/wp-json\/wp\/v2\/product_brand?post=14622"},{"taxonomy":"product_cat","embeddable":true,"href":"https:\/\/www.pararok.si\/en\/wp-json\/wp\/v2\/product_cat?post=14622"},{"taxonomy":"product_tag","embeddable":true,"href":"https:\/\/www.pararok.si\/en\/wp-json\/wp\/v2\/product_tag?post=14622"}],"curies":[{"name":"wp","href":"https:\/\/api.w.org\/{rel}","templated":true}]}}