{"id":14569,"date":"2020-06-30T16:43:09","date_gmt":"2020-06-30T14:43:09","guid":{"rendered":"http:\/\/www.pararok.si\/?post_type=product&#038;p=14569"},"modified":"2025-07-20T21:28:59","modified_gmt":"2025-07-20T19:28:59","slug":"leseni-uhani-skoljke","status":"publish","type":"product","link":"https:\/\/www.pararok.si\/en\/trgovina\/leseni-uhani-skoljke\/","title":{"rendered":"Leseni uhani \u0160KOLJKE"},"content":{"rendered":"<h1>Leseni uhani \u0161koljke<\/h1>\n<h2>Lahki poletni uhani so idealni za brezskrbne poletne dni in ve\u010dere. Ne\u017ene pastelne barve \u0161koljk so enostavne za kombiniranje z lahkimi poletnimi oblekami in zagotovo pustijo vtis.<\/h2>\n<hr \/>\n<h3><\/h3>\n<h3><strong>RAZLI\u010cICE<\/strong> &#8211; Ob naro\u010dilu v meniju izberite barvo in vrsto osnove<strong><b>.<\/b><\/strong><\/h3>\n<h3><\/h3>\n<h3><strong>VELIKOST<\/strong><\/h3>\n<p>Dol\u017eina: 10 mm<br \/>\nVi\u0161ina: 8 mm<br \/>\n\u0160irina: 2 mm.<\/p>\n<h3><strong>BARVE<\/strong><\/h3>\n<ul>\n<li>koralna<\/li>\n<li>bela<\/li>\n<li>modra<\/li>\n<li>roza<\/li>\n<li>turkizna<\/li>\n<\/ul>\n<p>&nbsp;<\/p>\n<h3><strong>OSNOVE\u00a0<\/strong>(izberite v meniju)<\/h3>\n<p>Klasi\u010dne osnove: izbirate lahko med kvalitetnim <strong>kirur\u0161kim jeklom<\/strong> in <strong>titanom<\/strong>, ki je primeren za alergike.<br \/>\n<strong>Osnove za pripet<\/strong>, za tiste, ki nimajo luknjic v u\u0161esih so narejene iz trdne vzdr\u017eljive plastike, z jeklenim del\u010dkom, na katerega je prilepljen uhan\u010dek.<br \/>\n<strong>Zapen\u010dki<\/strong>\u00a0so izdelani iz trdnega silikona.<\/p>\n<hr \/>\n<h3><strong>MATERIAL<\/strong><\/h3>\n<p>Uhani so narejeni iz lepljenega furnirja hru\u0161ke. Izrezani so s pomo\u010djo laserja, nato pa ro\u010dno zbru\u0161eni in pobarvani z akrilnimi barvami.<\/p>\n<h3><strong><b>NEGA<\/b><\/strong><\/h3>\n<p>Uhani\u00a0so temeljito za\u0161\u010diteni z nekaj plastmi laka, s \u010demer se ohrani trdnost in lepota lesa in jih zaradi tega lahko nosite v vseh vremenskih razmerah. Kljub za\u0161\u010diti pa uhani niso vodoodporni in jih ni priporo\u010dljivi namakati v vodi, zato jih snemite pred tu\u0161iranjem ali kopanjem.<\/p>\n<h4><strong>OPOMBA<\/strong><\/h4>\n<p>Les je naraven material in lahko malenkost odstopa v barvi, strukturi in vlaknih. Uhani so ro\u010dno pobarvani in lahko odstopajo od tistih na sliki, ampak zagotavljamo vam, da bodo zelo podobni tem, ki jih vidite na sliki.<\/p>\n<p>&nbsp;<\/p>\n<p>&nbsp;<\/p>\n","protected":false},"excerpt":{"rendered":"<p>Uhan\u010dki v obliki pastelnih morskih \u0161koljk.<\/p>\n","protected":false},"featured_media":16226,"comment_status":"open","ping_status":"closed","template":"","meta":[],"product_brand":[],"product_cat":[75,74],"product_tag":[215,76,133],"class_list":{"0":"post-14569","1":"product","2":"type-product","3":"status-publish","4":"has-post-thumbnail","6":"product_cat-lesen-nakit","7":"product_cat-leseni-uhani","8":"product_tag-skoljke","9":"product_tag-uhani","10":"product_tag-zivali","12":"first","13":"instock","14":"featured","15":"purchasable","16":"product-type-variable"},"_links":{"self":[{"href":"https:\/\/www.pararok.si\/en\/wp-json\/wp\/v2\/product\/14569","targetHints":{"allow":["GET"]}}],"collection":[{"href":"https:\/\/www.pararok.si\/en\/wp-json\/wp\/v2\/product"}],"about":[{"href":"https:\/\/www.pararok.si\/en\/wp-json\/wp\/v2\/types\/product"}],"replies":[{"embeddable":true,"href":"https:\/\/www.pararok.si\/en\/wp-json\/wp\/v2\/comments?post=14569"}],"wp:featuredmedia":[{"embeddable":true,"href":"https:\/\/www.pararok.si\/en\/wp-json\/wp\/v2\/media\/16226"}],"wp:attachment":[{"href":"https:\/\/www.pararok.si\/en\/wp-json\/wp\/v2\/media?parent=14569"}],"wp:term":[{"taxonomy":"product_brand","embeddable":true,"href":"https:\/\/www.pararok.si\/en\/wp-json\/wp\/v2\/product_brand?post=14569"},{"taxonomy":"product_cat","embeddable":true,"href":"https:\/\/www.pararok.si\/en\/wp-json\/wp\/v2\/product_cat?post=14569"},{"taxonomy":"product_tag","embeddable":true,"href":"https:\/\/www.pararok.si\/en\/wp-json\/wp\/v2\/product_tag?post=14569"}],"curies":[{"name":"wp","href":"https:\/\/api.w.org\/{rel}","templated":true}]}}